{"id":702,"date":"2024-12-07T00:05:13","date_gmt":"2024-12-07T00:05:13","guid":{"rendered":"https:\/\/hml-betim.fictoralimentos.com.br\/?page_id=702"},"modified":"2025-06-11T14:20:23","modified_gmt":"2025-06-11T14:20:23","slug":"politica-de-cookies","status":"publish","type":"page","link":"https:\/\/hml-betim.fictoralimentos.com.br\/zh\/politica-de-cookies\/","title":{"rendered":"Cookie \u653f\u7b56"},"content":{"rendered":"<p class=\"\">\u83f2\u514b\u6258\u98df\u54c1\u516c\u53f8\u5728\u5176\u7f51\u7ad9\u4e0a\u4f7f\u7528cookies\u6765\u6539\u5584\u7528\u6237\u4f53\u9a8c\u3001\u4e2a\u6027\u5316\u5185\u5bb9\u548c\u670d\u52a1\uff0c\u5e76\u786e\u4fdd\u6d4f\u89c8\u5b89\u5168\u548c\u6027\u80fd\u3002\u672c\u653f\u7b56\u89e3\u91ca\u4e86\u4ec0\u4e48\u662fcookies\u3001\u6211\u4eec\u5982\u4f55\u4f7f\u7528\u5b83\u4eec\u4ee5\u53ca\u60a8\u5982\u4f55\u7ba1\u7406\u81ea\u5df1\u7684\u504f\u597d\u3002<\/p>\n\n\n\n<h3 class=\"wp-block-heading\"><strong>1.\u4ec0\u4e48\u662f cookie\uff1f<\/strong><\/h3>\n\n\n\n<p class=\"\">Cookie \u662f\u8bbf\u95ee\u7f51\u7ad9\u65f6\u5b58\u50a8\u5728\u7528\u6237\u8bbe\u5907\uff08\u7535\u8111\u3001\u667a\u80fd\u624b\u673a\u6216\u5e73\u677f\u7535\u8111\uff09\u4e0a\u7684\u5c0f\u578b\u6587\u672c\u6587\u4ef6\u3002\u5b83\u4eec\u6536\u96c6\u6d4f\u89c8\u4fe1\u606f\uff0c\u7528\u4e8e\u8bb0\u5fc6\u504f\u597d\u3001\u4f18\u5316\u7f51\u7ad9\u529f\u80fd\u548c\u63d0\u4f9b\u76f8\u5173\u5185\u5bb9\u3002<\/p>\n\n\n\n<h3 class=\"wp-block-heading\"><strong>2.\u6211\u4eec\u4f7f\u7528\u7684 cookie \u7c7b\u578b<\/strong><\/h3>\n\n\n\n<p class=\"\">Fictor Alimentos\u4f7f\u7528\u4ee5\u4e0b\u7c7b\u578b\u7684cookies\uff1a<\/p>\n\n\n\n<ul class=\"wp-block-list\">\n<li class=\"\"><strong>\u9700\u8981 Cookie\uff1a<\/strong> \u5bf9\u7f51\u7ad9\u7684\u8fd0\u884c\u81f3\u5173\u91cd\u8981\uff0c\u53ef\u5b9e\u73b0\u57fa\u672c\u529f\u80fd\uff0c\u5982\u5b89\u5168\u6027\u548c\u53ef\u8bbf\u95ee\u6027\u3002<\/li>\n\n\n\n<li class=\"\"><strong>\u6027\u80fd Cookie<\/strong> \u5b83\u4eec\u6536\u96c6\u7528\u6237\u5982\u4f55\u4f7f\u7528\u7f51\u7ad9\u7684\u4fe1\u606f\uff0c\u5e2e\u52a9\u786e\u5b9a\u6539\u8fdb\u4f53\u9a8c\u7684\u65b9\u6cd5\u3002<\/li>\n\n\n\n<li class=\"\"><strong>\u529f\u80fd Cookie\uff1a<\/strong> \u5b83\u4eec\u5141\u8bb8\u60a8\u8bb0\u4f4f\u7528\u6237\u7684\u504f\u597d\uff0c\u5982\u8bed\u8a00\u6216\u5730\u533a\u3002<\/li>\n\n\n\n<li class=\"\"><strong>\u5206\u6790\u548c\u7edf\u8ba1 Cookies\uff1a<\/strong> \u7528\u4e8e\u4e86\u89e3\u8bbf\u5ba2\u884c\u4e3a\uff0c\u6539\u8fdb\u6240\u63d0\u4f9b\u7684\u670d\u52a1\u3002<\/li>\n\n\n\n<li class=\"\"><strong>\u7b2c\u4e09\u65b9 cookie\uff1a<\/strong> \u5b83\u4eec\u53ef\u88ab\u96c6\u6210\u5230\u7f51\u7ad9\u4e2d\u7684\u5de5\u5177\u4f7f\u7528\uff0c\u5982\u5206\u6790\u670d\u52a1\u548c\u793e\u4ea4\u5a92\u4f53\u3002<\/li>\n<\/ul>\n\n\n\n<h3 class=\"wp-block-heading\"><strong>3.\u6211\u4eec\u5982\u4f55\u4f7f\u7528 cookie\uff1f<\/strong><\/h3>\n\n\n\n<p class=\"\">Cookie \u7528\u4e8e<\/p>\n\n\n\n<ul class=\"wp-block-list\">\n<li class=\"\">\u786e\u4fdd\u7f51\u7ad9\u6b63\u5e38\u8fd0\u884c\uff1b<\/li>\n\n\n\n<li class=\"\">\u6539\u8fdb\u5bfc\u822a\u548c\u7528\u6237\u4f53\u9a8c\uff1b<\/li>\n\n\n\n<li class=\"\">\u5bf9\u7f51\u7ad9\u7684\u8bbf\u95ee\u548c\u4f7f\u7528\u60c5\u51b5\u8fdb\u884c\u7edf\u8ba1\u5206\u6790\uff1b<\/li>\n\n\n\n<li class=\"\">\u6839\u636e\u7528\u6237\u7684\u559c\u597d\u4e2a\u6027\u5316\u663e\u793a\u5185\u5bb9\u3002<\/li>\n<\/ul>\n\n\n\n<h3 class=\"wp-block-heading\"><strong>4.\u7ba1\u7406 cookie<\/strong><\/h3>\n\n\n\n<p class=\"\">\u5f53\u60a8\u9996\u6b21\u8bbf\u95ee\u6211\u4eec\u7684\u7f51\u7ad9\u65f6\uff0c\u60a8\u53ef\u4ee5\u9009\u62e9\u63a5\u53d7\u6216\u901a\u8fc7 Cookie \u6807\u8bed\u914d\u7f6e\u60a8\u7684 Cookie \u504f\u597d\u3002<\/p>\n\n\n\n<p class=\"\">\u60a8\u53ef\u4ee5\u968f\u65f6\u5728\u6d4f\u89c8\u5668\u8bbe\u7f6e\u4e2d\u76f4\u63a5\u7ba1\u7406\u6216\u505c\u7528 cookie\u3002\u4e0d\u8fc7\uff0c\u505c\u7528\u67d0\u4e9b\u5fc5\u8981\u7684 cookie \u53ef\u80fd\u4f1a\u5f71\u54cd\u7f51\u7ad9\u7684\u8fd0\u884c\u3002<\/p>\n\n\n\n<h3 class=\"wp-block-heading\"><strong>5.Cookie \u653f\u7b56\u7684\u53d8\u66f4<\/strong><\/h3>\n\n\n\n<p class=\"\">\u672c\u653f\u7b56\u53ef\u80fd\u968f\u65f6\u4fee\u8ba2\uff0c\u4ee5\u53cd\u6620\u6211\u4eec\u7684\u505a\u6cd5\u6216\u9002\u7528\u6cd5\u5f8b\u7684\u53d8\u5316\u3002\u6211\u4eec\u5efa\u8bae\u60a8\u5b9a\u671f\u67e5\u770b\u672c\u9875\u9762\uff0c\u4ee5\u4fbf\u53ca\u65f6\u4e86\u89e3\u76f8\u5173\u4fe1\u606f\u3002<\/p>\n\n\n\n<h3 class=\"wp-block-heading\"><strong>6.\u8054\u7cfb\u65b9\u5f0f<\/strong><\/h3>\n\n\n\n<p class=\"\">\u5982\u679c\u60a8\u5bf9\u672c Cookie \u653f\u7b56\u6709\u4efb\u4f55\u7591\u95ee\uff0c\u8bf7\u8054\u7cfb\u6211\u4eec\uff1a<\/p>\n\n\n\n<ul class=\"wp-block-list\">\n<li class=\"\">\u7535\u5b50\u90ae\u4ef6\uff1a contato@hml-betim.fictoralimentos.com.br<\/li>\n<\/ul>\n\n\n\n<p class=\"\">\u83f2\u514b\u591a\u98df\u54c1\u516c\u53f8\u91cd\u7533\u5176\u5bf9\u900f\u660e\u5ea6\u548c\u4fdd\u62a4\u7528\u6237\u4fe1\u606f\u7684\u627f\u8bfa\u3002<\/p>","protected":false},"excerpt":{"rendered":"<p>A Fictor Alimentos utiliza cookies em seu site para melhorar a experi\u00eancia do usu\u00e1rio, personalizar conte\u00fados e servi\u00e7os, e garantir a seguran\u00e7a e o desempenho da navega\u00e7\u00e3o. Esta pol\u00edtica explica o que s\u00e3o cookies, como os utilizamos e como voc\u00ea pode gerenciar suas prefer\u00eancias. 1. O que s\u00e3o cookies? Cookies s\u00e3o pequenos arquivos de texto [&hellip;]<\/p>\n","protected":false},"author":1,"featured_media":2384,"parent":0,"menu_order":0,"comment_status":"closed","ping_status":"closed","template":"page-info.php","meta":{"_acf_changed":false,"inline_featured_image":false,"footnotes":""},"class_list":["post-702","page","type-page","status-publish","has-post-thumbnail","hentry"],"acf":[],"_links":{"self":[{"href":"https:\/\/hml-betim.fictoralimentos.com.br\/zh\/wp-json\/wp\/v2\/pages\/702","targetHints":{"allow":["GET"]}}],"collection":[{"href":"https:\/\/hml-betim.fictoralimentos.com.br\/zh\/wp-json\/wp\/v2\/pages"}],"about":[{"href":"https:\/\/hml-betim.fictoralimentos.com.br\/zh\/wp-json\/wp\/v2\/types\/page"}],"author":[{"embeddable":true,"href":"https:\/\/hml-betim.fictoralimentos.com.br\/zh\/wp-json\/wp\/v2\/users\/1"}],"replies":[{"embeddable":true,"href":"https:\/\/hml-betim.fictoralimentos.com.br\/zh\/wp-json\/wp\/v2\/comments?post=702"}],"version-history":[{"count":3,"href":"https:\/\/hml-betim.fictoralimentos.com.br\/zh\/wp-json\/wp\/v2\/pages\/702\/revisions"}],"predecessor-version":[{"id":2456,"href":"https:\/\/hml-betim.fictoralimentos.com.br\/zh\/wp-json\/wp\/v2\/pages\/702\/revisions\/2456"}],"wp:featuredmedia":[{"embeddable":true,"href":"https:\/\/hml-betim.fictoralimentos.com.br\/zh\/wp-json\/wp\/v2\/media\/2384"}],"wp:attachment":[{"href":"https:\/\/hml-betim.fictoralimentos.com.br\/zh\/wp-json\/wp\/v2\/media?parent=702"}],"curies":[{"name":"wp","href":"https:\/\/api.w.org\/{rel}","templated":true}]}}