{"id":649,"date":"2024-12-06T20:41:24","date_gmt":"2024-12-06T20:41:24","guid":{"rendered":"https:\/\/hml-betim.fictoralimentos.com.br\/?page_id=649"},"modified":"2025-06-11T14:20:18","modified_gmt":"2025-06-11T14:20:18","slug":"politica-de-privacidade","status":"publish","type":"page","link":"https:\/\/hml-betim.fictoralimentos.com.br\/zh\/politica-de-privacidade\/","title":{"rendered":"\u9690\u79c1\u653f\u7b56"},"content":{"rendered":"<p class=\"\">\u83f2\u514b\u6258\u98df\u54c1\u516c\u53f8\u81f4\u529b\u4e8e\u4fdd\u62a4\u7528\u6237\u7684\u9690\u79c1\u548c\u4e2a\u4eba\u6570\u636e\uff0c\u9075\u5b88\u73b0\u884c\u6cd5\u89c4\uff0c\u7279\u522b\u662f\u300a\u901a\u7528\u6570\u636e\u4fdd\u62a4\u6cd5\u300b\uff08LGPD\uff09\u3002\u672c\u6587\u4ef6\u4ecb\u7ecd\u4e86\u6211\u4eec\u5982\u4f55\u6536\u96c6\u3001\u4f7f\u7528\u3001\u5b58\u50a8\u548c\u4fdd\u62a4\u7f51\u7ad9\u8bbf\u95ee\u8005\u548c\u7528\u6237\u63d0\u4f9b\u7684\u4fe1\u606f\u3002<\/p>\n\n\n\n<h3 class=\"wp-block-heading\"><strong>1.\u6570\u636e\u6536\u96c6<\/strong><\/h3>\n\n\n\n<p class=\"\">\u6211\u4eec\u6536\u96c6\u4e2a\u4eba\u6570\u636e\u7684\u57fa\u7840\u548c\u76ee\u7684\u662f\u6709\u9650\u7684\u3002\u8fd9\u4e9b\u6570\u636e\u53ef\u80fd\u5305\u62ec<\/p>\n\n\n\n<ul class=\"wp-block-list\">\n<li class=\"\">\u5168\u540d\uff1b<\/li>\n\n\n\n<li class=\"\">\u7535\u5b50\u90ae\u4ef6\u5730\u5740\uff1b<\/li>\n\n\n\n<li class=\"\">\u7535\u8bdd\u53f7\u7801<\/li>\n\n\n\n<li class=\"\">\u901a\u8fc7\u7f51\u7ad9\u4e0a\u7684\u7535\u5b50\u8868\u683c\u6216\u5176\u4ed6\u4ea4\u6d41\u6e20\u9053\u63d0\u4f9b\u7684\u4fe1\u606f\u3002<\/li>\n<\/ul>\n\n\n\n<p class=\"\">\u6211\u4eec\u8fd8\u6536\u96c6\u6d4f\u89c8\u6570\u636e\uff0c\u5982 IP \u5730\u5740\u3001\u6d4f\u89c8\u5668\u7c7b\u578b\u3001\u8bbf\u95ee\u9875\u9762\u548c\u8bbf\u95ee\u65e5\u671f\/\u65f6\u95f4\uff0c\u4ee5\u6539\u5584\u7528\u6237\u4f53\u9a8c\u5e76\u4fdd\u8bc1\u7f51\u7ad9\u5b89\u5168\u3002<\/p>\n\n\n\n<h3 class=\"wp-block-heading\"><strong>2.\u5904\u7406\u6570\u636e\u7684\u76ee\u7684<\/strong><\/h3>\n\n\n\n<p class=\"\">\u6536\u96c6\u7684\u6570\u636e\u7528\u4e8e<\/p>\n\n\n\n<ul class=\"wp-block-list\">\n<li class=\"\">\u56de\u7b54\u8bf7\u6c42\u548c\u8be2\u95ee\uff1b<\/li>\n\n\n\n<li class=\"\">\u53d1\u9001\u673a\u6784\u4fe1\u606f\u548c\u5b98\u65b9\u901a\u4fe1\uff1b<\/li>\n\n\n\n<li class=\"\">\u5c65\u884c\u6cd5\u5f8b\u6216\u76d1\u7ba1\u4e49\u52a1\uff1b<\/li>\n\n\n\n<li class=\"\">\u6539\u8fdb\u6240\u63d0\u4f9b\u7684\u670d\u52a1\u5e76\u4e2a\u6027\u5316\u7528\u6237\u4f53\u9a8c\u3002<\/li>\n<\/ul>\n\n\n\n<h3 class=\"wp-block-heading\"><strong>3.\u6570\u636e\u5171\u4eab<\/strong><\/h3>\n\n\n\n<p class=\"\">\u83f2ictor\u98df\u54c1\u516c\u53f8\u4e0d\u4f1a\u4e0e\u7b2c\u4e09\u65b9\u5171\u4eab\u7528\u6237\u7684\u4e2a\u4eba\u6570\u636e\uff0c\u9664\u975e\u51fa\u73b0\u4ee5\u4e0b\u60c5\u51b5<\/p>\n\n\n\n<ul class=\"wp-block-list\">\n<li class=\"\">\u6709\u6cd5\u5f8b\u4e49\u52a1\u6216\u6cd5\u9662\u547d\u4ee4\uff1b<\/li>\n\n\n\n<li class=\"\">\u7b7e\u7ea6\u5408\u4f5c\u4f19\u4f34\u6216\u4f9b\u5e94\u5546\u5728\u63d0\u4f9b\u670d\u52a1\u65f6\u5fc5\u987b\u9075\u5b88\u540c\u6837\u7684\u6570\u636e\u4fdd\u62a4\u4e49\u52a1\u3002<\/li>\n<\/ul>\n\n\n\n<h3 class=\"wp-block-heading\"><strong>4.\u4fe1\u606f\u5b89\u5168<\/strong><\/h3>\n\n\n\n<p class=\"\">\u6211\u4eec\u91c7\u53d6\u6280\u672f\u548c\u884c\u653f\u63aa\u65bd\u4fdd\u62a4\u4e2a\u4eba\u6570\u636e\uff0c\u9632\u6b62\u672a\u7ecf\u6388\u6743\u7684\u8bbf\u95ee\u3001\u4e22\u5931\u3001\u6ee5\u7528\u6216\u7be1\u6539\u3002<\/p>\n\n\n\n<h3 class=\"wp-block-heading\"><strong>5.\u6570\u636e\u5b58\u50a8<\/strong><\/h3>\n\n\n\n<p class=\"\">\u6570\u636e\u7684\u5b89\u5168\u4fdd\u5b58\u671f\u9650\u4e3a\u5b9e\u73b0\u6536\u96c6\u76ee\u7684\u6216\u5c65\u884c\u6cd5\u5f8b\u4e49\u52a1\u6240\u5fc5\u9700\u7684\u65f6\u95f4\u3002<\/p>\n\n\n\n<h3 class=\"wp-block-heading\"><strong>6.\u8d44\u6599\u5f53\u4e8b\u4eba\u7684\u6743\u5229<\/strong><\/h3>\n\n\n\n<p class=\"\">\u6839\u636e LGPD \u7684\u89c4\u5b9a\uff0c\u7528\u6237\u4eab\u6709\u4ee5\u4e0b\u6743\u5229\uff1a<\/p>\n\n\n\n<ul class=\"wp-block-list\">\n<li class=\"\">\u786e\u8ba4\u6570\u636e\u5904\u7406\u7684\u5b58\u5728\uff1b<\/li>\n\n\n\n<li class=\"\">\u8bbf\u95ee\u5b58\u50a8\u7684\u4e2a\u4eba\u6570\u636e\uff1b<\/li>\n\n\n\n<li class=\"\">\u66f4\u6b63\u4e0d\u5b8c\u6574\u3001\u4e0d\u51c6\u786e\u6216\u8fc7\u65f6\u7684\u6570\u636e\uff1b<\/li>\n\n\n\n<li class=\"\">\u5220\u9664\u4e0d\u5fc5\u8981\u7684\u6570\u636e\u6216\u8fdd\u6cd5\u5904\u7406\u7684\u6570\u636e\uff1b<\/li>\n\n\n\n<li class=\"\">\u64a4\u9500\u540c\u610f\uff08\u5982\u9002\u7528\uff09\u3002<\/li>\n<\/ul>\n\n\n\n<p class=\"\">\u5982\u9700\u884c\u4f7f\u8fd9\u4e9b\u6743\u5229\uff0c\u8bf7\u8054\u7cfb contato@hml-betim.fictoralimentos.com.br\u3002<\/p>\n\n\n\n<h3 class=\"wp-block-heading\"><strong>7.\u672c\u653f\u7b56\u7684\u53d8\u66f4<\/strong><\/h3>\n\n\n\n<p class=\"\">\u672c\u9690\u79c1\u653f\u7b56\u53ef\u80fd\u968f\u65f6\u66f4\u65b0\uff0c\u4ee5\u53cd\u6620\u670d\u52a1\u6216\u9002\u7528\u6cd5\u5f8b\u7684\u53d8\u5316\u3002\u6211\u4eec\u5efa\u8bae\u60a8\u5b9a\u671f\u67e5\u770b\u3002<\/p>\n\n\n\n<h3 class=\"wp-block-heading\"><strong>8.\u8054\u7cfb\u65b9\u5f0f<\/strong><\/h3>\n\n\n\n<p class=\"\">\u5982\u679c\u60a8\u5bf9\u672c\u9690\u79c1\u653f\u7b56\u6709\u4efb\u4f55\u95ee\u9898\u6216\u7591\u8651\uff0c\u8bf7\u8054\u7cfb\u6211\u4eec\uff1a<\/p>\n\n\n\n<ul class=\"wp-block-list\">\n<li class=\"\">\u7535\u5b50\u90ae\u4ef6\uff1a contato@hml-betim.fictoralimentos.com.br<\/li>\n<\/ul>\n\n\n\n<p class=\"\">Fictor Alimentos \u516c\u53f8\u611f\u8c22\u60a8\u7684\u4fe1\u4efb\uff0c\u5e76\u4fdd\u8bc1\u60a8\u4e2a\u4eba\u6570\u636e\u7684\u900f\u660e\u5ea6\u548c\u4fdd\u62a4\u3002<\/p>","protected":false},"excerpt":{"rendered":"<p>A Fictor Alimentos est\u00e1 comprometida em proteger a privacidade e os dados pessoais de seus usu\u00e1rios, em conformidade com as normas vigentes, especialmente a Lei Geral de Prote\u00e7\u00e3o de Dados (LGPD). Este documento descreve como coletamos, usamos, armazenamos e protegemos as informa\u00e7\u00f5es fornecidas pelos visitantes e usu\u00e1rios de nosso site. 1. Coleta de Dados Coletamos [&hellip;]<\/p>\n","protected":false},"author":1,"featured_media":2384,"parent":0,"menu_order":0,"comment_status":"closed","ping_status":"closed","template":"page-info.php","meta":{"_acf_changed":false,"inline_featured_image":false,"footnotes":""},"class_list":["post-649","page","type-page","status-publish","has-post-thumbnail","hentry"],"acf":[],"_links":{"self":[{"href":"https:\/\/hml-betim.fictoralimentos.com.br\/zh\/wp-json\/wp\/v2\/pages\/649","targetHints":{"allow":["GET"]}}],"collection":[{"href":"https:\/\/hml-betim.fictoralimentos.com.br\/zh\/wp-json\/wp\/v2\/pages"}],"about":[{"href":"https:\/\/hml-betim.fictoralimentos.com.br\/zh\/wp-json\/wp\/v2\/types\/page"}],"author":[{"embeddable":true,"href":"https:\/\/hml-betim.fictoralimentos.com.br\/zh\/wp-json\/wp\/v2\/users\/1"}],"replies":[{"embeddable":true,"href":"https:\/\/hml-betim.fictoralimentos.com.br\/zh\/wp-json\/wp\/v2\/comments?post=649"}],"version-history":[{"count":4,"href":"https:\/\/hml-betim.fictoralimentos.com.br\/zh\/wp-json\/wp\/v2\/pages\/649\/revisions"}],"predecessor-version":[{"id":2461,"href":"https:\/\/hml-betim.fictoralimentos.com.br\/zh\/wp-json\/wp\/v2\/pages\/649\/revisions\/2461"}],"wp:featuredmedia":[{"embeddable":true,"href":"https:\/\/hml-betim.fictoralimentos.com.br\/zh\/wp-json\/wp\/v2\/media\/2384"}],"wp:attachment":[{"href":"https:\/\/hml-betim.fictoralimentos.com.br\/zh\/wp-json\/wp\/v2\/media?parent=649"}],"curies":[{"name":"wp","href":"https:\/\/api.w.org\/{rel}","templated":true}]}}